{"id":933,"date":"2022-09-16T11:55:35","date_gmt":"2022-09-16T10:55:35","guid":{"rendered":"https:\/\/www.ideavity.com\/?page_id=933"},"modified":"2023-02-22T12:01:32","modified_gmt":"2023-02-22T12:01:32","slug":"pagina-inicial","status":"publish","type":"page","link":"https:\/\/www.ideavity.com\/pt-pt\/","title":{"rendered":"P\u00e1gina inicial"},"content":{"rendered":"\n<div class=\"wp-block-group first-section is-layout-flow wp-block-group-is-layout-flow\">\n<h1 class=\"wp-block-heading\">Ideias ao poder da criatividade<\/h1>\n\n\n\n<figure class=\"wp-block-image size-large mx-auto\"><img loading=\"lazy\" decoding=\"async\" width=\"1082\" height=\"444\" src=\"https:\/\/www.ideavity.com\/wp-content\/uploads\/2022\/11\/homepage.svg\" alt=\"\" class=\"wp-image-644\"\/><\/figure>\n<\/div>\n\n\n\n<div class=\"wp-block-columns row align-items-center my-5 py-sm-5 is-layout-flex wp-container-core-columns-is-layout-9d6595d7 wp-block-columns-is-layout-flex\">\n<div class=\"wp-block-column col is-layout-flow wp-block-column-is-layout-flow\">\n<h2 class=\"wp-block-heading\">A desenvolver produtos e solu\u00e7\u00f5es digitais desde 2006<\/h2>\n\n\n\n<p>Temos conhecimentos diversificados e especializados, incluindo desenvolvimento de aplica\u00e7\u00f5es web e m\u00f3veis, design web, e com\u00e9rcio eletr\u00f3nico.<\/p>\n\n\n\n<p>A nossa miss\u00e3o \u00e9 ajudar os nossos clientes a inovar e a fazer avan\u00e7ar as suas capacidades tecnol\u00f3gicas. Esfor\u00e7amo-nos por criar solu\u00e7\u00f5es web \u00fanicas e valiosas que satisfa\u00e7am as necessidades espec\u00edficas de cada cliente individual.<\/p>\n\n\n\n<p>Com a nossa vasta experi\u00eancia e per\u00edcia, somos capazes de fornecer aos nossos clientes produtos e solu\u00e7\u00f5es digitais da mais alta qualidade. Dedicamo-nos a permanecer na vanguarda da tecnologia, melhorando e atualizando constantemente as nossas compet\u00eancias para garantir que somos sempre capazes de oferecer os melhores servi\u00e7os poss\u00edveis aos nossos clientes.<\/p>\n<\/div>\n\n\n\n<div class=\"wp-block-column col-4 d-none d-lg-block is-layout-flow wp-block-column-is-layout-flow\">\n<figure class=\"wp-block-image size-large mx-auto\"><img decoding=\"async\" src=\"https:\/\/ideavity.com\/wp-content\/uploads\/2022\/10\/Intro_image.svg\" alt=\"\"\/><\/figure>\n<\/div>\n<\/div>\n\n\n\n        <div class='services-scroll-wrapper'>\n            <div class='services-pin'>\n                <h2 class='mt-0 mb-5 px-3 pt-md-5'>Os nossos servi\u00e7os adaptados \u00e0s suas necessidades<\/h2>\n                <div class='row align-items-center no-gutters'>\n                    <div class='ml-auto col-12 col-md-5 services-content-wrap'>\n                        <div class='service'>\n                <img loading=\"lazy\" decoding=\"async\" width=\"140\" height=\"140\" src=\"https:\/\/www.ideavity.com\/wp-content\/uploads\/2022\/10\/web-applications.svg\" class=\"attachment-thumbnail size-thumbnail\" alt=\"\" \/>\n                <div class='d-md-none name'>\n                    Aplica\u00e7\u00f5es Web e plataformas digitais\n                <\/div> \n            <\/div><div class='service'>\n                <img loading=\"lazy\" decoding=\"async\" width=\"140\" height=\"140\" src=\"https:\/\/www.ideavity.com\/wp-content\/uploads\/2022\/10\/e-commerce.svg\" class=\"attachment-thumbnail size-thumbnail\" alt=\"\" \/>\n                <div class='d-md-none name'>\n                    E-commerce\n                <\/div> \n            <\/div><div class='service'>\n                <img loading=\"lazy\" decoding=\"async\" width=\"140\" height=\"140\" src=\"https:\/\/www.ideavity.com\/wp-content\/uploads\/2022\/10\/UI-UX.svg\" class=\"attachment-thumbnail size-thumbnail\" alt=\"\" \/>\n                <div class='d-md-none name'>\n                    Design UI\/UX\n                <\/div> \n            <\/div><div class='service'>\n                <img loading=\"lazy\" decoding=\"async\" width=\"140\" height=\"140\" src=\"https:\/\/www.ideavity.com\/wp-content\/uploads\/2022\/10\/SEO.svg\" class=\"attachment-thumbnail size-thumbnail\" alt=\"\" \/>\n                <div class='d-md-none name'>\n                    SEO\n                <\/div> \n            <\/div><div class='service'>\n                <img loading=\"lazy\" decoding=\"async\" width=\"140\" height=\"140\" src=\"https:\/\/www.ideavity.com\/wp-content\/uploads\/2022\/10\/internet-of-things_icon.svg\" class=\"attachment-thumbnail size-thumbnail\" alt=\"\" \/>\n                <div class='d-md-none name'>\n                    Internet of things \/ Industry 4.0\n                <\/div> \n            <\/div><div class='service'>\n                <img loading=\"lazy\" decoding=\"async\" width=\"140\" height=\"140\" src=\"https:\/\/www.ideavity.com\/wp-content\/uploads\/2022\/10\/SEM.svg\" class=\"attachment-thumbnail size-thumbnail\" alt=\"\" \/>\n                <div class='d-md-none name'>\n                    SEM\n                <\/div> \n            <\/div><div class='service'>\n                <img loading=\"lazy\" decoding=\"async\" width=\"140\" height=\"140\" src=\"https:\/\/www.ideavity.com\/wp-content\/uploads\/2022\/10\/digital.svg\" class=\"attachment-thumbnail size-thumbnail\" alt=\"\" \/>\n                <div class='d-md-none name'>\n                    Marketing Digital\n                <\/div> \n            <\/div><div class='service'>\n                <img loading=\"lazy\" decoding=\"async\" width=\"140\" height=\"140\" src=\"https:\/\/www.ideavity.com\/wp-content\/uploads\/2022\/10\/growth_icon.svg\" class=\"attachment-thumbnail size-thumbnail\" alt=\"\" \/>\n                <div class='d-md-none name'>\n                    Implementa\u00e7\u00e3o e crescimento\n                <\/div> \n            <\/div><div class='service'>\n                <img loading=\"lazy\" decoding=\"async\" width=\"140\" height=\"140\" src=\"https:\/\/www.ideavity.com\/wp-content\/uploads\/2022\/10\/rpa_icon.svg\" class=\"attachment-thumbnail size-thumbnail\" alt=\"\" \/>\n                <div class='d-md-none name'>\n                    APR - Automa\u00e7\u00e3o de Processos Rob\u00f3ticos\n                <\/div> \n            <\/div>\n                    <\/div>\n                    <div class='sideline d-none d-md-block'><\/div>\n                    <div class='bottomline d-md-none'><\/div>\n                    <div class='d-none d-md-flex col service-text-wrap'>\n                        <div class='service-text'>Aplica\u00e7\u00f5es Web e plataformas digitais<\/div><div class='service-text'>E-commerce<\/div><div class='service-text'>Design UI\/UX<\/div><div class='service-text'>SEO<\/div><div class='service-text'>Internet of things \/ Industry 4.0<\/div><div class='service-text'>SEM<\/div><div class='service-text'>Marketing Digital<\/div><div class='service-text'>Implementa\u00e7\u00e3o e crescimento<\/div><div class='service-text'>APR - Automa\u00e7\u00e3o de Processos Rob\u00f3ticos<\/div>\n                    <\/div>\n                <\/div>\n            <\/div>\n        <\/div>\n\n\n\n    <div class='technologies-scroll-wrapper'>\n        <div class='technologies-pin'>\n            <h2 class='mt-0 mb-5 px-3 pt-md-4'>A nossa pilha tecnol\u00f3gica<\/h2>\n            <div class='technologies-content-wrap'>\n        <div class='technology'>\n            <div class='img-name'>\n                <a href='https:\/\/www.ideavity.com\/pt-pt\/technology\/angular-pt-pt\/'>\n                    <img loading=\"lazy\" decoding=\"async\" width=\"241\" height=\"120\" src=\"https:\/\/www.ideavity.com\/wp-content\/uploads\/2022\/10\/Angular.svg\" class=\"attachment-thumbnail size-thumbnail\" alt=\"\" \/>\n                    <p>Angular<\/p>\n                <\/a>\n            <\/div>\n        <\/div>\n        <div class='technology'>\n            <div class='img-name'>\n                <a href='https:\/\/www.ideavity.com\/pt-pt\/technology\/laravel-pt-pt\/'>\n                    <img loading=\"lazy\" decoding=\"async\" width=\"241\" height=\"120\" src=\"https:\/\/www.ideavity.com\/wp-content\/uploads\/2022\/10\/Laravel.svg\" class=\"attachment-thumbnail size-thumbnail\" alt=\"\" \/>\n                    <p>Laravel<\/p>\n                <\/a>\n            <\/div>\n        <\/div>\n        <div class='technology'>\n            <div class='img-name'>\n                <a href='https:\/\/www.ideavity.com\/pt-pt\/technology\/outsystems-pt-pt\/'>\n                    <img loading=\"lazy\" decoding=\"async\" width=\"241\" height=\"120\" src=\"https:\/\/www.ideavity.com\/wp-content\/uploads\/2022\/10\/outsystems_logo.svg\" class=\"attachment-thumbnail size-thumbnail\" alt=\"\" \/>\n                    <p>Outsystems<\/p>\n                <\/a>\n            <\/div>\n        <\/div>\n        <div class='technology'>\n            <div class='img-name'>\n                <a href='https:\/\/www.ideavity.com\/pt-pt\/technology\/adobe-creative-studio-pt-pt\/'>\n                    <img loading=\"lazy\" decoding=\"async\" width=\"241\" height=\"120\" src=\"https:\/\/www.ideavity.com\/wp-content\/uploads\/2022\/10\/Adobe_Creative_Studio.svg\" class=\"attachment-thumbnail size-thumbnail\" alt=\"\" \/>\n                    <p>Adobe creative studio<\/p>\n                <\/a>\n            <\/div>\n        <\/div>\n        <div class='technology'>\n            <div class='img-name'>\n                <a href='https:\/\/www.ideavity.com\/pt-pt\/technology\/figma-pt-pt\/'>\n                    <img loading=\"lazy\" decoding=\"async\" width=\"241\" height=\"120\" src=\"https:\/\/www.ideavity.com\/wp-content\/uploads\/2022\/10\/Figma.svg\" class=\"attachment-thumbnail size-thumbnail\" alt=\"\" \/>\n                    <p>Figma<\/p>\n                <\/a>\n            <\/div>\n        <\/div>\n        <div class='technology'>\n            <div class='img-name'>\n                <a href='https:\/\/www.ideavity.com\/pt-pt\/technology\/jquery-pt-pt\/'>\n                    <img loading=\"lazy\" decoding=\"async\" width=\"241\" height=\"120\" src=\"https:\/\/www.ideavity.com\/wp-content\/uploads\/2022\/10\/jQuery_logo.svg\" class=\"attachment-thumbnail size-thumbnail\" alt=\"\" \/>\n                    <p>jQuery<\/p>\n                <\/a>\n            <\/div>\n        <\/div>\n        <div class='technology'>\n            <div class='img-name'>\n                <a href='https:\/\/www.ideavity.com\/pt-pt\/technology\/prestashop-pt-pt\/'>\n                    <img loading=\"lazy\" decoding=\"async\" width=\"241\" height=\"120\" src=\"https:\/\/www.ideavity.com\/wp-content\/uploads\/2022\/10\/Prestashop_logo.svg\" class=\"attachment-thumbnail size-thumbnail\" alt=\"\" \/>\n                    <p>Prestashop<\/p>\n                <\/a>\n            <\/div>\n        <\/div>\n        <div class='technology'>\n            <div class='img-name'>\n                <a href='https:\/\/www.ideavity.com\/pt-pt\/technology\/thingsboard-pt-pt\/'>\n                    <img loading=\"lazy\" decoding=\"async\" width=\"241\" height=\"120\" src=\"https:\/\/www.ideavity.com\/wp-content\/uploads\/2022\/10\/Thingsboard_logo.svg\" class=\"attachment-thumbnail size-thumbnail\" alt=\"\" \/>\n                    <p>Thingsboard<\/p>\n                <\/a>\n            <\/div>\n        <\/div>\n        <div class='technology'>\n            <div class='img-name'>\n                <a href='https:\/\/www.ideavity.com\/pt-pt\/technology\/wordpress-pt-pt\/'>\n                    <img loading=\"lazy\" decoding=\"async\" width=\"241\" height=\"120\" src=\"https:\/\/www.ideavity.com\/wp-content\/uploads\/2022\/10\/Wordpress.svg\" class=\"attachment-thumbnail size-thumbnail\" alt=\"\" \/>\n                    <p>Wordpress<\/p>\n                <\/a>\n            <\/div>\n        <\/div>\n    <div class=\"technology\">\n        <div class=\"img-name\">\n            <h3>... e mais!<\/h3>\n        <\/div>\n    <\/div>\n    <\/div><\/div><\/div>\n\n\n\n<h2 class=\"my-5 pt-5 px-3 wp-block-heading\">Os nossos clientes<\/h2>\n\n\n\n    <div class=\"clients-wrapper\">\n        <div class=\"clients-track\">\n            \n            <div class='client'>\n                <img loading=\"lazy\" decoding=\"async\" width=\"292\" height=\"155\" src=\"https:\/\/www.ideavity.com\/wp-content\/uploads\/2022\/09\/NOS_logo.webp\" class=\"attachment-full size-full\" alt=\"Nos logo\" \/>\n            <\/div>\n            <div class='client'>\n                <img loading=\"lazy\" decoding=\"async\" width=\"472\" height=\"155\" src=\"https:\/\/www.ideavity.com\/wp-content\/uploads\/2022\/09\/WTF_logo.webp\" class=\"attachment-full size-full\" alt=\"WTF logo\" srcset=\"https:\/\/www.ideavity.com\/wp-content\/uploads\/2022\/09\/WTF_logo.webp 472w, https:\/\/www.ideavity.com\/wp-content\/uploads\/2022\/09\/WTF_logo-300x99.webp 300w\" sizes=\"auto, (max-width: 472px) 100vw, 472px\" \/>\n            <\/div>\n            <div class='client'>\n                <img loading=\"lazy\" decoding=\"async\" width=\"392\" height=\"155\" src=\"https:\/\/www.ideavity.com\/wp-content\/uploads\/2022\/09\/Fuel_logo.webp\" class=\"attachment-full size-full\" alt=\"Fuel logo\" srcset=\"https:\/\/www.ideavity.com\/wp-content\/uploads\/2022\/09\/Fuel_logo.webp 392w, https:\/\/www.ideavity.com\/wp-content\/uploads\/2022\/09\/Fuel_logo-300x119.webp 300w\" sizes=\"auto, (max-width: 392px) 100vw, 392px\" \/>\n            <\/div>\n            <div class='client'>\n                <img loading=\"lazy\" decoding=\"async\" width=\"1668\" height=\"155\" src=\"https:\/\/www.ideavity.com\/wp-content\/uploads\/2022\/09\/FM-2_logo.webp\" class=\"attachment-full size-full\" alt=\"Freddie Med logo\" srcset=\"https:\/\/www.ideavity.com\/wp-content\/uploads\/2022\/09\/FM-2_logo.webp 1668w, https:\/\/www.ideavity.com\/wp-content\/uploads\/2022\/09\/FM-2_logo-300x28.webp 300w, https:\/\/www.ideavity.com\/wp-content\/uploads\/2022\/09\/FM-2_logo-1024x95.webp 1024w, https:\/\/www.ideavity.com\/wp-content\/uploads\/2022\/09\/FM-2_logo-768x71.webp 768w, https:\/\/www.ideavity.com\/wp-content\/uploads\/2022\/09\/FM-2_logo-1536x143.webp 1536w\" sizes=\"auto, (max-width: 1668px) 100vw, 1668px\" \/>\n            <\/div>\n            <div class='client'>\n                <img loading=\"lazy\" decoding=\"async\" width=\"155\" height=\"155\" src=\"https:\/\/www.ideavity.com\/wp-content\/uploads\/2022\/09\/rocketinsights_logo.webp\" class=\"attachment-full size-full\" alt=\"Rocket insights logo\" srcset=\"https:\/\/www.ideavity.com\/wp-content\/uploads\/2022\/09\/rocketinsights_logo.webp 155w, https:\/\/www.ideavity.com\/wp-content\/uploads\/2022\/09\/rocketinsights_logo-150x150.webp 150w\" sizes=\"auto, (max-width: 155px) 100vw, 155px\" \/>\n            <\/div>\n            <div class='client'>\n                <img loading=\"lazy\" decoding=\"async\" width=\"272\" height=\"155\" src=\"https:\/\/www.ideavity.com\/wp-content\/uploads\/2022\/09\/havas_logo.webp\" class=\"attachment-full size-full\" alt=\"Havas logo\" \/>\n            <\/div>\n            <div class='client'>\n                <img loading=\"lazy\" decoding=\"async\" width=\"857\" height=\"155\" src=\"https:\/\/www.ideavity.com\/wp-content\/uploads\/2022\/09\/Sonae_logo.webp\" class=\"attachment-full size-full\" alt=\"Sonae logo\" srcset=\"https:\/\/www.ideavity.com\/wp-content\/uploads\/2022\/09\/Sonae_logo.webp 857w, https:\/\/www.ideavity.com\/wp-content\/uploads\/2022\/09\/Sonae_logo-300x54.webp 300w, https:\/\/www.ideavity.com\/wp-content\/uploads\/2022\/09\/Sonae_logo-768x139.webp 768w\" sizes=\"auto, (max-width: 857px) 100vw, 857px\" \/>\n            <\/div>\n            <div class='client'>\n                <img loading=\"lazy\" decoding=\"async\" width=\"728\" height=\"155\" src=\"https:\/\/www.ideavity.com\/wp-content\/uploads\/2022\/09\/serralves_logo.webp\" class=\"attachment-full size-full\" alt=\"Serralves logo\" srcset=\"https:\/\/www.ideavity.com\/wp-content\/uploads\/2022\/09\/serralves_logo.webp 728w, https:\/\/www.ideavity.com\/wp-content\/uploads\/2022\/09\/serralves_logo-300x64.webp 300w\" sizes=\"auto, (max-width: 728px) 100vw, 728px\" \/>\n            <\/div>\n            <div class='client'>\n                <img loading=\"lazy\" decoding=\"async\" width=\"416\" height=\"155\" src=\"https:\/\/www.ideavity.com\/wp-content\/uploads\/2024\/02\/UNU_logo.webp\" class=\"attachment-full size-full\" alt=\"UNU-EGOV logo\" srcset=\"https:\/\/www.ideavity.com\/wp-content\/uploads\/2024\/02\/UNU_logo.webp 416w, https:\/\/www.ideavity.com\/wp-content\/uploads\/2024\/02\/UNU_logo-300x112.webp 300w\" sizes=\"auto, (max-width: 416px) 100vw, 416px\" \/>\n            <\/div>\n            <div class='client'>\n                <img loading=\"lazy\" decoding=\"async\" width=\"584\" height=\"155\" src=\"https:\/\/www.ideavity.com\/wp-content\/uploads\/2024\/02\/Vodafone_logo.webp\" class=\"attachment-full size-full\" alt=\"Vodafone logo\" srcset=\"https:\/\/www.ideavity.com\/wp-content\/uploads\/2024\/02\/Vodafone_logo.webp 584w, https:\/\/www.ideavity.com\/wp-content\/uploads\/2024\/02\/Vodafone_logo-300x80.webp 300w\" sizes=\"auto, (max-width: 584px) 100vw, 584px\" \/>\n            <\/div>\n            <div class='client'>\n                <img loading=\"lazy\" decoding=\"async\" width=\"466\" height=\"155\" src=\"https:\/\/www.ideavity.com\/wp-content\/uploads\/2024\/02\/Meo_logo.webp\" class=\"attachment-full size-full\" alt=\"Meo logo\" srcset=\"https:\/\/www.ideavity.com\/wp-content\/uploads\/2024\/02\/Meo_logo.webp 466w, https:\/\/www.ideavity.com\/wp-content\/uploads\/2024\/02\/Meo_logo-300x100.webp 300w\" sizes=\"auto, (max-width: 466px) 100vw, 466px\" \/>\n            <\/div>\n            <div class='client'>\n                <img loading=\"lazy\" decoding=\"async\" width=\"330\" height=\"155\" src=\"https:\/\/www.ideavity.com\/wp-content\/uploads\/2024\/02\/galp_logo.webp\" class=\"attachment-full size-full\" alt=\"Galp logo\" srcset=\"https:\/\/www.ideavity.com\/wp-content\/uploads\/2024\/02\/galp_logo.webp 330w, https:\/\/www.ideavity.com\/wp-content\/uploads\/2024\/02\/galp_logo-300x141.webp 300w\" sizes=\"auto, (max-width: 330px) 100vw, 330px\" \/>\n            <\/div>\n        <\/div>\n    <\/div>\n\n\n\n<div class=\"wp-block-group px-3 text-center is-layout-flow wp-block-group-is-layout-flow\">\n<h2 class=\"mt-5 pt-5 wp-block-heading\">Vamos trabalhar em conjunto<\/h2>\n\n\n\n<p>Quer esteja \u00e0 procura de um parceiro tecnol\u00f3gico para dar vida ao seu projeto, ou \u00e0 procura de um novo desafio profissional, gostar\u00edamos de trabalhar consigo. Explore os nossos servi\u00e7os ou contacte-nos e vamos come\u00e7ar a nossa viagem juntos.<\/p>\n\n\n\n<div class=\"wp-block-buttons is-content-justification-center is-layout-flex wp-container-core-buttons-is-layout-16018d1d wp-block-buttons-is-layout-flex\">\n<div class=\"wp-block-button button\"><a class=\"wp-block-button__link wp-element-button\" href=\"https:\/\/www.ideavity.com\/contacts\/\">trabalhe connosco<\/a><\/div>\n<\/div>\n<\/div>\n","protected":false},"excerpt":{"rendered":"<p>Ideias ao poder da criatividade A desenvolver produtos e solu\u00e7\u00f5es digitais desde 2006 Temos conhecimentos diversificados e especializados, incluindo desenvolvimento de aplica\u00e7\u00f5es web e m\u00f3veis, design web, e com\u00e9rcio eletr\u00f3nico. A nossa miss\u00e3o \u00e9 ajudar os nossos clientes a inovar e a fazer avan\u00e7ar as suas capacidades tecnol\u00f3gicas. Esfor\u00e7amo-nos por criar solu\u00e7\u00f5es web \u00fanicas e [&hellip;]<\/p>\n","protected":false},"author":2,"featured_media":770,"parent":0,"menu_order":0,"comment_status":"closed","ping_status":"closed","template":"","meta":{"_acf_changed":false,"content-type":"","footnotes":""},"class_list":["post-933","page","type-page","status-publish","has-post-thumbnail","hentry"],"acf":[],"aioseo_notices":[],"_links":{"self":[{"href":"https:\/\/www.ideavity.com\/pt-pt\/wp-json\/wp\/v2\/pages\/933","targetHints":{"allow":["GET"]}}],"collection":[{"href":"https:\/\/www.ideavity.com\/pt-pt\/wp-json\/wp\/v2\/pages"}],"about":[{"href":"https:\/\/www.ideavity.com\/pt-pt\/wp-json\/wp\/v2\/types\/page"}],"author":[{"embeddable":true,"href":"https:\/\/www.ideavity.com\/pt-pt\/wp-json\/wp\/v2\/users\/2"}],"replies":[{"embeddable":true,"href":"https:\/\/www.ideavity.com\/pt-pt\/wp-json\/wp\/v2\/comments?post=933"}],"version-history":[{"count":5,"href":"https:\/\/www.ideavity.com\/pt-pt\/wp-json\/wp\/v2\/pages\/933\/revisions"}],"predecessor-version":[{"id":1088,"href":"https:\/\/www.ideavity.com\/pt-pt\/wp-json\/wp\/v2\/pages\/933\/revisions\/1088"}],"wp:featuredmedia":[{"embeddable":true,"href":"https:\/\/www.ideavity.com\/pt-pt\/wp-json\/wp\/v2\/media\/770"}],"wp:attachment":[{"href":"https:\/\/www.ideavity.com\/pt-pt\/wp-json\/wp\/v2\/media?parent=933"}],"curies":[{"name":"wp","href":"https:\/\/api.w.org\/{rel}","templated":true}]}}