{"id":925,"date":"2022-09-19T09:46:29","date_gmt":"2022-09-19T08:46:29","guid":{"rendered":"https:\/\/www.ideavity.com\/?page_id=925"},"modified":"2023-01-03T10:26:52","modified_gmt":"2023-01-03T10:26:52","slug":"contactos","status":"publish","type":"page","link":"https:\/\/www.ideavity.com\/pt-pt\/contactos\/","title":{"rendered":"Contactos"},"content":{"rendered":"\n<div class=\"wp-block-group first-section mb-5 is-layout-flow wp-block-group-is-layout-flow\">\n<h1 class=\"wp-block-heading\">Trabalhe connosco<\/h1>\n\n\n\n<figure class=\"wp-block-image size-large mx-auto\"><img loading=\"lazy\" decoding=\"async\" width=\"1111\" height=\"480\" src=\"https:\/\/www.ideavity.com\/wp-content\/uploads\/2022\/11\/contacts-1.svg\" alt=\"\" class=\"wp-image-655\"\/><\/figure>\n<\/div>\n\n\n\n<h2 class=\"px-3 pt-5 wp-block-heading\">Vamos trabalhar juntos!<\/h2>\n\n\n\n<div class=\"wp-block-columns row align-items-start justify-content-between is-layout-flex wp-container-core-columns-is-layout-9d6595d7 wp-block-columns-is-layout-flex\">\n<div class=\"wp-block-column col-lg-8 is-layout-flow wp-block-column-is-layout-flow\">\n<p>Quer esteja \u00e0 procura de um parceiro tecnol\u00f3gico para dar vida ao seu projeto, ou \u00e0 procura de um novo desafio profissional, gostar\u00edamos de trabalhar consigo.<br>Contacte-nos e vamos come\u00e7ar a nossa viagem juntos!<\/p>\n\n\n\n<div class=\"wpcf7 no-js\" id=\"wpcf7-f928-o1\" lang=\"pt-PT\" dir=\"ltr\" data-wpcf7-id=\"928\">\n<div class=\"screen-reader-response\"><p role=\"status\" aria-live=\"polite\" aria-atomic=\"true\"><\/p> <ul><\/ul><\/div>\n<form action=\"\/pt-pt\/wp-json\/wp\/v2\/pages\/925#wpcf7-f928-o1\" method=\"post\" class=\"wpcf7-form init\" aria-label=\"Formul\u00e1rio de contacto\" novalidate=\"novalidate\" data-status=\"init\">\n<div style=\"display: none;\">\n<input type=\"hidden\" name=\"_wpcf7\" value=\"928\" \/>\n<input type=\"hidden\" name=\"_wpcf7_version\" value=\"6.0.4\" \/>\n<input type=\"hidden\" name=\"_wpcf7_locale\" value=\"pt_PT\" \/>\n<input type=\"hidden\" name=\"_wpcf7_unit_tag\" value=\"wpcf7-f928-o1\" \/>\n<input type=\"hidden\" name=\"_wpcf7_container_post\" value=\"0\" \/>\n<input type=\"hidden\" name=\"_wpcf7_posted_data_hash\" value=\"\" \/>\n<input type=\"hidden\" name=\"_wpcf7_recaptcha_response\" value=\"\" \/>\n<\/div>\n<p><label> Nome*<br \/>\n<span class=\"wpcf7-form-control-wrap\" data-name=\"your-name\"><input size=\"40\" maxlength=\"400\" class=\"wpcf7-form-control wpcf7-text wpcf7-validates-as-required\" aria-required=\"true\" aria-invalid=\"false\" value=\"\" type=\"text\" name=\"your-name\" \/><\/span> <\/label>\n<\/p>\n<p><label> E-mail*<br \/>\n<span class=\"wpcf7-form-control-wrap\" data-name=\"email\"><input size=\"40\" maxlength=\"400\" class=\"wpcf7-form-control wpcf7-email wpcf7-validates-as-required wpcf7-text wpcf7-validates-as-email\" aria-required=\"true\" aria-invalid=\"false\" value=\"\" type=\"email\" name=\"email\" \/><\/span> <\/label>\n<\/p>\n<p><label> Website<br \/>\n<span class=\"wpcf7-form-control-wrap\" data-name=\"website\"><input size=\"40\" maxlength=\"400\" class=\"wpcf7-form-control wpcf7-text\" aria-invalid=\"false\" value=\"\" type=\"text\" name=\"website\" \/><\/span> <\/label>\n<\/p>\n<p><label> A sua mensagem*<br \/>\n<span class=\"wpcf7-form-control-wrap\" data-name=\"your-message\"><textarea cols=\"40\" rows=\"10\" maxlength=\"2000\" class=\"wpcf7-form-control wpcf7-textarea\" aria-invalid=\"false\" name=\"your-message\"><\/textarea><\/span> <\/label>\n<\/p>\n<p><input class=\"wpcf7-form-control wpcf7-submit has-spinner d-flex ml-auto\" type=\"submit\" value=\"enviar\" \/>\n<\/p><div class=\"wpcf7-response-output\" aria-hidden=\"true\"><\/div>\n<\/form>\n<\/div>\n\n<\/div>\n\n\n\n<div class=\"wp-block-column col-3 d-none d-lg-block is-layout-flow wp-block-column-is-layout-flow\">\n<p class=\"address mt-4\">Morada<\/p>\n\n\n<div class=\"mb-5\"><span class=\"address\">Campo 24 de Agosto 129 <br \/>\n                    5\u00ba piso sala 6 <br \/>\n                    4300-504 Porto <br \/>\n                    Portugal<br \/>\n                <\/span><\/div>\n\n\n\n<p class=\"address\">N\u00famero de telefone<\/p>\n\n\n<div class=\"mb-5\"><span class=\"address\"><a href=\"tel:+351222012393\">+351 222 012 393<\/a><br \/><i style=\"font-size:80%\">*custo de uma chamada para um n\u00famero fixo<\/i><\/span><\/div>\n\n\n\n<p class=\"address\">E-mail<\/p>\n\n\n<div class=\"mb-5\"><span class=\"address\"><a href=\"mailto:info@ideavity.com\">info@ideavity.com<\/a><\/span><\/div>\n\n\n<p><a href=\"https:\/\/www.linkedin.com\/company\/ideavity\/\" target=\"_blank\" rel=\"noopener noreferrer\"><img decoding=\"async\" src=\"\/wp-content\/themes\/ideavity\/images\/icons8-linkedin-circled-1-1.svg\" alt=\"linkedin logo\"><\/a><\/p>\n<\/div>\n<\/div>\n","protected":false},"excerpt":{"rendered":"<p>Trabalhe connosco Vamos trabalhar juntos! Quer esteja \u00e0 procura de um parceiro tecnol\u00f3gico para dar vida ao seu projeto, ou \u00e0 procura de um novo desafio profissional, gostar\u00edamos de trabalhar consigo.Contacte-nos e vamos come\u00e7ar a nossa viagem juntos! Morada N\u00famero de telefone E-mail<\/p>\n","protected":false},"author":2,"featured_media":0,"parent":0,"menu_order":0,"comment_status":"closed","ping_status":"closed","template":"","meta":{"_acf_changed":false,"content-type":"","footnotes":""},"class_list":["post-925","page","type-page","status-publish","hentry"],"acf":[],"aioseo_notices":[],"_links":{"self":[{"href":"https:\/\/www.ideavity.com\/pt-pt\/wp-json\/wp\/v2\/pages\/925","targetHints":{"allow":["GET"]}}],"collection":[{"href":"https:\/\/www.ideavity.com\/pt-pt\/wp-json\/wp\/v2\/pages"}],"about":[{"href":"https:\/\/www.ideavity.com\/pt-pt\/wp-json\/wp\/v2\/types\/page"}],"author":[{"embeddable":true,"href":"https:\/\/www.ideavity.com\/pt-pt\/wp-json\/wp\/v2\/users\/2"}],"replies":[{"embeddable":true,"href":"https:\/\/www.ideavity.com\/pt-pt\/wp-json\/wp\/v2\/comments?post=925"}],"version-history":[{"count":7,"href":"https:\/\/www.ideavity.com\/pt-pt\/wp-json\/wp\/v2\/pages\/925\/revisions"}],"predecessor-version":[{"id":1050,"href":"https:\/\/www.ideavity.com\/pt-pt\/wp-json\/wp\/v2\/pages\/925\/revisions\/1050"}],"wp:attachment":[{"href":"https:\/\/www.ideavity.com\/pt-pt\/wp-json\/wp\/v2\/media?parent=925"}],"curies":[{"name":"wp","href":"https:\/\/api.w.org\/{rel}","templated":true}]}}