{"id":856,"date":"2022-12-08T15:51:26","date_gmt":"2022-12-08T15:51:26","guid":{"rendered":"https:\/\/www.ideavity.com\/?page_id=856"},"modified":"2022-12-09T13:06:01","modified_gmt":"2022-12-09T13:06:01","slug":"informacao-legalmente-exigida","status":"publish","type":"page","link":"https:\/\/www.ideavity.com\/pt-pt\/informacao-legalmente-exigida\/","title":{"rendered":"Informa\u00e7\u00e3o legalmente exigida"},"content":{"rendered":"\n<div class=\"wp-block-group first-section mb-5 is-layout-flow wp-block-group-is-layout-flow\">\n<h1 class=\"wp-block-heading\">Informa\u00e7\u00e3o legalmente exigida<\/h1>\n\n\n\n<figure class=\"wp-block-image size-large mx-auto\"><img loading=\"lazy\" decoding=\"async\" width=\"1111\" height=\"480\" src=\"https:\/\/www.ideavity.com\/wp-content\/uploads\/2022\/11\/contacts-1.svg\" alt=\"\" class=\"wp-image-655\"\/><\/figure>\n<\/div>\n\n\n\n<div class=\"wp-block-columns row align-items-start justify-content-between is-layout-flex wp-container-core-columns-is-layout-9d6595d7 wp-block-columns-is-layout-flex\">\n<div class=\"wp-block-column col-lg-8 is-layout-flow wp-block-column-is-layout-flow\">\n<h2 class=\"wp-block-heading\">Precisa de ajuda a atualizar a sua presen\u00e7a online?<\/h2>\n\n\n\n<p>Deixe-nos uma mensagem e entraremos em contacto consigo para ajudar a garantir que a sua loja online ou website disponibilizam aos seus visitantes a informa\u00e7\u00e3o legalmente exigida.<\/p>\n\n\n\n<div class=\"wpcf7 no-js\" id=\"wpcf7-f843-o1\" lang=\"en-US\" dir=\"ltr\" data-wpcf7-id=\"843\">\n<div class=\"screen-reader-response\"><p role=\"status\" aria-live=\"polite\" aria-atomic=\"true\"><\/p> <ul><\/ul><\/div>\n<form action=\"\/pt-pt\/wp-json\/wp\/v2\/pages\/856#wpcf7-f843-o1\" method=\"post\" class=\"wpcf7-form init\" aria-label=\"Contact form\" novalidate=\"novalidate\" data-status=\"init\">\n<div style=\"display: none;\">\n<input type=\"hidden\" name=\"_wpcf7\" value=\"843\" \/>\n<input type=\"hidden\" name=\"_wpcf7_version\" value=\"6.0.4\" \/>\n<input type=\"hidden\" name=\"_wpcf7_locale\" value=\"en_US\" \/>\n<input type=\"hidden\" name=\"_wpcf7_unit_tag\" value=\"wpcf7-f843-o1\" \/>\n<input type=\"hidden\" name=\"_wpcf7_container_post\" value=\"0\" \/>\n<input type=\"hidden\" name=\"_wpcf7_posted_data_hash\" value=\"\" \/>\n<input type=\"hidden\" name=\"_wpcf7_recaptcha_response\" value=\"\" \/>\n<\/div>\n<p><label>Nome<br \/>\n<span class=\"wpcf7-form-control-wrap\" data-name=\"your-name\"><input size=\"40\" maxlength=\"400\" class=\"wpcf7-form-control wpcf7-text wpcf7-validates-as-required\" aria-required=\"true\" aria-invalid=\"false\" value=\"\" type=\"text\" name=\"your-name\" \/><\/span> <\/label>\n<\/p>\n<p><label>Email<br \/>\n<span class=\"wpcf7-form-control-wrap\" data-name=\"your-email\"><input size=\"40\" maxlength=\"400\" class=\"wpcf7-form-control wpcf7-email wpcf7-validates-as-required wpcf7-text wpcf7-validates-as-email\" aria-required=\"true\" aria-invalid=\"false\" value=\"\" type=\"email\" name=\"your-email\" \/><\/span> <\/label>\n<\/p>\n<p><label>Telefone<br \/>\n<span class=\"wpcf7-form-control-wrap\" data-name=\"telefone\"><input size=\"40\" maxlength=\"400\" class=\"wpcf7-form-control wpcf7-tel wpcf7-validates-as-required wpcf7-text wpcf7-validates-as-tel\" aria-required=\"true\" aria-invalid=\"false\" value=\"\" type=\"tel\" name=\"telefone\" \/><\/span> <\/label>\n<\/p>\n<p><label>Website<br \/>\n<span class=\"wpcf7-form-control-wrap\" data-name=\"website\"><input size=\"40\" maxlength=\"400\" class=\"wpcf7-form-control wpcf7-url wpcf7-validates-as-required wpcf7-text wpcf7-validates-as-url\" aria-required=\"true\" aria-invalid=\"false\" value=\"\" type=\"url\" name=\"website\" \/><\/span> <\/label>\n<\/p>\n<p><label>Mensagem<br \/>\n<span class=\"wpcf7-form-control-wrap\" data-name=\"your-message\"><textarea cols=\"40\" rows=\"10\" maxlength=\"2000\" class=\"wpcf7-form-control wpcf7-textarea\" aria-invalid=\"false\" name=\"your-message\"><\/textarea><\/span> <\/label>\n<\/p>\n<p><input class=\"wpcf7-form-control wpcf7-submit has-spinner d-flex ml-auto\" type=\"submit\" value=\"Enviar\" \/>\n<\/p><div class=\"wpcf7-response-output\" aria-hidden=\"true\"><\/div>\n<\/form>\n<\/div>\n\n<\/div>\n\n\n\n<div class=\"wp-block-column col-3 d-none d-lg-block is-layout-flow wp-block-column-is-layout-flow\">\n<p class=\"address mt-4\">Morada<\/p>\n\n\n<div class=\"mb-5\"><span class=\"address\">Campo 24 de Agosto 129 <br \/>\n                    5\u00ba piso sala 6 <br \/>\n                    4300-504 Porto <br \/>\n                    Portugal<br \/>\n                <\/span><\/div>\n\n\n\n<p class=\"address\">Telefone<\/p>\n\n\n<div class=\"mb-5\"><span class=\"address\"><a href=\"tel:+351222012393\">+351 222 012 393<\/a><\/span><\/div>\n\n\n\n<p class=\"address\">E-mail<\/p>\n\n\n<div class=\"mb-5\"><span class=\"address\"><a href=\"mailto:info@ideavity.com\">info@ideavity.com<\/a><\/span><\/div>\n\n\n<p><a href=\"https:\/\/www.linkedin.com\/company\/ideavity\/\" target=\"_blank\" rel=\"noopener noreferrer\"><img decoding=\"async\" src=\"\/wp-content\/themes\/ideavity\/images\/icons8-linkedin-circled-1-1.svg\" alt=\"linkedin logo\"><\/a><\/p>\n<\/div>\n<\/div>\n","protected":false},"excerpt":{"rendered":"<p>Informa\u00e7\u00e3o legalmente exigida Precisa de ajuda a atualizar a sua presen\u00e7a online? Deixe-nos uma mensagem e entraremos em contacto consigo para ajudar a garantir que a sua loja online ou website disponibilizam aos seus visitantes a informa\u00e7\u00e3o legalmente exigida. Morada Telefone E-mail<\/p>\n","protected":false},"author":1,"featured_media":0,"parent":0,"menu_order":0,"comment_status":"closed","ping_status":"closed","template":"","meta":{"_acf_changed":false,"content-type":"","footnotes":""},"class_list":["post-856","page","type-page","status-publish","hentry"],"acf":[],"aioseo_notices":[],"_links":{"self":[{"href":"https:\/\/www.ideavity.com\/pt-pt\/wp-json\/wp\/v2\/pages\/856","targetHints":{"allow":["GET"]}}],"collection":[{"href":"https:\/\/www.ideavity.com\/pt-pt\/wp-json\/wp\/v2\/pages"}],"about":[{"href":"https:\/\/www.ideavity.com\/pt-pt\/wp-json\/wp\/v2\/types\/page"}],"author":[{"embeddable":true,"href":"https:\/\/www.ideavity.com\/pt-pt\/wp-json\/wp\/v2\/users\/1"}],"replies":[{"embeddable":true,"href":"https:\/\/www.ideavity.com\/pt-pt\/wp-json\/wp\/v2\/comments?post=856"}],"version-history":[{"count":6,"href":"https:\/\/www.ideavity.com\/pt-pt\/wp-json\/wp\/v2\/pages\/856\/revisions"}],"predecessor-version":[{"id":1000,"href":"https:\/\/www.ideavity.com\/pt-pt\/wp-json\/wp\/v2\/pages\/856\/revisions\/1000"}],"wp:attachment":[{"href":"https:\/\/www.ideavity.com\/pt-pt\/wp-json\/wp\/v2\/media?parent=856"}],"curies":[{"name":"wp","href":"https:\/\/api.w.org\/{rel}","templated":true}]}}