{"id":1001,"date":"2022-09-19T09:46:29","date_gmt":"2022-09-19T08:46:29","guid":{"rendered":"https:\/\/www.ideavity.com\/?page_id=1001"},"modified":"2023-01-02T17:33:35","modified_gmt":"2023-01-02T17:33:35","slug":"digital-product-implementation-and-development-services","status":"publish","type":"page","link":"https:\/\/www.ideavity.com\/pt-pt\/digital-product-implementation-and-development-services\/","title":{"rendered":"Servi\u00e7os de implementa\u00e7\u00e3o e desenvolvimento de produtos digitais"},"content":{"rendered":"\n<div class=\"wp-block-group first-section is-layout-flow wp-block-group-is-layout-flow\">\n<h1 class=\"wp-block-heading\">Os nossos servi\u00e7os adaptados \u00e0s suas necessidades<\/h1>\n\n\n\n<figure class=\"wp-block-image size-large mx-auto\"><img loading=\"lazy\" decoding=\"async\" width=\"1111\" height=\"480\" src=\"https:\/\/www.ideavity.com\/wp-content\/uploads\/2022\/11\/services-1.svg\" alt=\"\" class=\"wp-image-657\"\/><\/figure>\n<\/div>\n\n\n\n<div class=\"wp-block-group mt-5 pt-sm-5 is-layout-flow wp-block-group-is-layout-flow\">\n            <div class='row align-items-center mb-5'>\n                <div class='col-lg-8'>\n                    <h3>Aplica\u00e7\u00f5es Web e plataformas digitais<\/h3>\n                    <p>A nossa equipa de profissionais altamente qualificados e competentes tem uma vasta experi\u00eancia no desenvolvimento de aplica\u00e7\u00f5es de software personalizadas para clientes de todas as dimens\u00f5es e ind\u00fastrias. Quer necessite de ampliar a sua equipa existente, quer necessite de uma equipa completa de produtos para ajudar a lan\u00e7ar aplica\u00e7\u00f5es m\u00f3veis ou web l\u00edderes de mercado, temos a per\u00edcia e as capacidades necess\u00e1rias para fornecer os resultados de que necessita. Deixe-nos ajud\u00e1-lo a levar o seu neg\u00f3cio para o pr\u00f3ximo n\u00edvel com solu\u00e7\u00f5es tecnol\u00f3gicas de ponta.<\/p>        <a href='https:\/\/www.ideavity.com\/pt-pt\/\/work\/?service=52'> ver projetos<\/a>    <\/div>\n                <div class='col-2 d-none d-lg-flex mx-auto'>\n                    <img class='w-100' src='https:\/\/www.ideavity.com\/wp-content\/uploads\/2022\/10\/web-applications.svg' alt='Aplica\u00e7\u00f5es Web e plataformas digitais icon'>\n                <\/div>\n            <\/div>\n            <div class='row align-items-center mb-5'>\n                <div class='col-lg-8'>\n                    <h3>E-commerce<\/h3>\n                    <p>A plataforma de com\u00e9rcio electr\u00f3nico PrestaShop \u00e9 uma forma eficaz de impulsionar o seu neg\u00f3cio, alcan\u00e7ar novos clientes, optimizar a sua log\u00edstica e opera\u00e7\u00f5es, e aumentar a sua resili\u00eancia. No mundo digital de hoje, ter uma presen\u00e7a on-line \u00e9 essencial para o sucesso. Com a nossa experi\u00eancia em PrestaShop e outras solu\u00e7\u00f5es de com\u00e9rcio electr\u00f3nico, podemos ajud\u00e1-lo a expandir o seu neg\u00f3cio para al\u00e9m da sua \u00e1rea local. N\u00e3o hesite em contactar-nos para saber mais.<\/p>        <a href='https:\/\/www.ideavity.com\/pt-pt\/\/work\/?service=49'> ver projetos<\/a>    <\/div>\n                <div class='col-2 d-none d-lg-flex mx-auto'>\n                    <img class='w-100' src='https:\/\/www.ideavity.com\/wp-content\/uploads\/2022\/10\/e-commerce.svg' alt='E-commerce icon'>\n                <\/div>\n            <\/div>\n            <div class='row align-items-center mb-5'>\n                <div class='col-lg-8'>\n                    <h3>Design UI\/UX<\/h3>\n                    <p>O design UI\/UX est\u00e1 relacionado com a cria\u00e7\u00e3o de um interface de utilizador que seja eficaz, apelativa e f\u00e1cil de usar. A nossa equipa tem os conhecimentos e a experi\u00eancia para o ajudar a conceber a IU e UX perfeito para o seu produto ou sistema digital. Utilizamos um processo comprovado que come\u00e7a com maquetes de baixa fidelidade, continua com testes reais ao utilizador, e termina com um design de alta fidelidade. Ao trabalhar connosco, pode estar confiante de que a sua aplica\u00e7\u00e3o ter\u00e1 uma interface de f\u00e1cil utiliza\u00e7\u00e3o que os seus clientes ir\u00e3o adorar. Contacte-nos para saber mais.<\/p>        <a href='https:\/\/www.ideavity.com\/pt-pt\/\/work\/?service=51'> ver projetos<\/a>    <\/div>\n                <div class='col-2 d-none d-lg-flex mx-auto'>\n                    <img class='w-100' src='https:\/\/www.ideavity.com\/wp-content\/uploads\/2022\/10\/UI-UX.svg' alt='Design UI\/UX icon'>\n                <\/div>\n            <\/div>\n            <div class='row align-items-center mb-5'>\n                <div class='col-lg-8'>\n                    <h3>SEO<\/h3>\n                    <p>Se quiser melhorar a visibilidade do seu website, plataforma, ou loja online nos principais motores de busca, os nossos servi\u00e7os SEO (Search Engine Optimization) podem ajudar. Conduzimos an\u00e1lise de palavras-chave, comparamos com a concorr\u00eancia, e implementamos estrat\u00e9gias de optimiza\u00e7\u00e3o para aumentar a sua presen\u00e7a digital e melhorar as suas classifica\u00e7\u00f5es nos motores de busca. Com a nossa per\u00edcia e abordagem personalizada, podemos fornecer os melhores resultados SEO para o seu neg\u00f3cio.<\/p>    <\/div>\n                <div class='col-2 d-none d-lg-flex mx-auto'>\n                    <img class='w-100' src='https:\/\/www.ideavity.com\/wp-content\/uploads\/2022\/10\/SEO.svg' alt='SEO icon'>\n                <\/div>\n            <\/div>\n            <div class='row align-items-center mb-5'>\n                <div class='col-lg-8'>\n                    <h3>Internet of things \/ Industry 4.0<\/h3>\n                    <p>A ind\u00fastria 4.0 e a Internet das Coisas (IoT) transformaram a forma como as empresas recolhem e utilizam os dados. Com a sensoriza\u00e7\u00e3o e pain\u00e9is de controlo intuitivos, a nossa equipa pode ajud\u00e1-lo a aceder a informa\u00e7\u00e3o em tempo real e a tomar decis\u00f5es orientadas por dados em ind\u00fastrias que v\u00e3o desde a agricultura ao retalho. N\u00e3o perca os benef\u00edcios da Ind\u00fastria 4.0 e da Internet das Coisas (IoT). Contacte-nos para saber mais sobre como o podemos ajudar a modernizar o seu neg\u00f3cio.<\/p>        <a href='https:\/\/www.ideavity.com\/pt-pt\/\/work\/?service=50'> ver projetos<\/a>    <\/div>\n                <div class='col-2 d-none d-lg-flex mx-auto'>\n                    <img class='w-100' src='https:\/\/www.ideavity.com\/wp-content\/uploads\/2022\/10\/internet-of-things_icon.svg' alt='Internet of things \/ Industry 4.0 icon'>\n                <\/div>\n            <\/div>\n            <div class='row align-items-center mb-5'>\n                <div class='col-lg-8'>\n                    <h3>SEM<\/h3>\n                    <p>Uma forte estrat\u00e9gia de Search Engine Marketing (SEM) \u00e9 uma parte crucial da presen\u00e7a on-line de qualquer empresa. Para al\u00e9m de optimizar o seu website para motores de busca (SEO), an\u00fancios de busca pagos podem ajud\u00e1-lo a chegar aos clientes que procuram activamente os seus produtos ou servi\u00e7os. Ao combinar SEO e SEM, pode maximizar a sua visibilidade, gerar oportunidades, e reduzir o seu custo por aquisi\u00e7\u00e3o. A nossa equipa tem a per\u00edcia e experi\u00eancia para o ajudar a desenvolver e implementar uma estrat\u00e9gia SEM vencedora. Se quiser saber mais sobre como podemos ajudar o seu neg\u00f3cio a ter sucesso, por favor n\u00e3o hesite em contactar-nos.<\/p>    <\/div>\n                <div class='col-2 d-none d-lg-flex mx-auto'>\n                    <img class='w-100' src='https:\/\/www.ideavity.com\/wp-content\/uploads\/2022\/10\/SEM.svg' alt='SEM icon'>\n                <\/div>\n            <\/div>\n            <div class='row align-items-center mb-5'>\n                <div class='col-lg-8'>\n                    <h3>Marketing Digital<\/h3>\n                    <p>A nossa equipa criativa oferece servi\u00e7os abrangentes de marketing digital para ajudar a sua marca a sobressair e atingir o seu p\u00fablico-alvo. Desde o marketing de redes sociais at\u00e9 \u00e0 publicidade paga, p\u00e1ginas de destino m\u00f3veis e p\u00e1ginas de Internet, podemos ajud\u00e1-lo em todos os aspectos das suas campanhas de marketing digital. Deixe-nos ajud\u00e1-lo a atrair e envolver clientes e conduzir resultados para o seu neg\u00f3cio. Contacte-nos para saber mais.<\/p>    <\/div>\n                <div class='col-2 d-none d-lg-flex mx-auto'>\n                    <img class='w-100' src='https:\/\/www.ideavity.com\/wp-content\/uploads\/2022\/10\/digital.svg' alt='Marketing Digital icon'>\n                <\/div>\n            <\/div>\n            <div class='row align-items-center mb-5'>\n                <div class='col-lg-8'>\n                    <h3>Implementa\u00e7\u00e3o e crescimento<\/h3>\n                    <p>Entregar o seu produto pode ser t\u00e3o importante como manter e garantir que responde suavemente com a escala. A nossa experi\u00eancia permite-nos preparar com anteced\u00eancia e garantir que a escalabilidade seja indolor para a sua equipa e os seus clientes.<\/p>    <\/div>\n                <div class='col-2 d-none d-lg-flex mx-auto'>\n                    <img class='w-100' src='https:\/\/www.ideavity.com\/wp-content\/uploads\/2022\/10\/growth_icon.svg' alt='Implementa\u00e7\u00e3o e crescimento icon'>\n                <\/div>\n            <\/div>\n            <div class='row align-items-center mb-5'>\n                <div class='col-lg-8'>\n                    <h3>APR - Automa\u00e7\u00e3o de Processos Rob\u00f3ticos<\/h3>\n                    <p>A Automa\u00e7\u00e3o de Processos Rob\u00f3ticos (APR) pode ajudar as organiza\u00e7\u00f5es a melhorar a efici\u00eancia e a reduzir a necessidade de recursos humanos. A nossa equipa est\u00e1 pronta a colaborar consigo para implementar uma solu\u00e7\u00e3o de APR personalizada que ir\u00e1 melhorar a efici\u00eancia da sua organiza\u00e7\u00e3o. Com a APR, pode racionalizar os seus processos e libertar a sua equipa para se concentrar em tarefas mais importantes. N\u00e3o perca os benef\u00edcios da APR - contacte-nos para saber mais.<\/p>    <\/div>\n                <div class='col-2 d-none d-lg-flex mx-auto'>\n                    <img class='w-100' src='https:\/\/www.ideavity.com\/wp-content\/uploads\/2022\/10\/rpa_icon.svg' alt='APR - Automa\u00e7\u00e3o de Processos Rob\u00f3ticos icon'>\n                <\/div>\n            <\/div>\n<\/div>\n","protected":false},"excerpt":{"rendered":"<p>Os nossos servi\u00e7os adaptados \u00e0s suas necessidades<\/p>\n","protected":false},"author":2,"featured_media":0,"parent":0,"menu_order":0,"comment_status":"closed","ping_status":"closed","template":"","meta":{"_acf_changed":false,"content-type":"","footnotes":""},"class_list":["post-1001","page","type-page","status-publish","hentry"],"acf":[],"aioseo_notices":[],"_links":{"self":[{"href":"https:\/\/www.ideavity.com\/pt-pt\/wp-json\/wp\/v2\/pages\/1001","targetHints":{"allow":["GET"]}}],"collection":[{"href":"https:\/\/www.ideavity.com\/pt-pt\/wp-json\/wp\/v2\/pages"}],"about":[{"href":"https:\/\/www.ideavity.com\/pt-pt\/wp-json\/wp\/v2\/types\/page"}],"author":[{"embeddable":true,"href":"https:\/\/www.ideavity.com\/pt-pt\/wp-json\/wp\/v2\/users\/2"}],"replies":[{"embeddable":true,"href":"https:\/\/www.ideavity.com\/pt-pt\/wp-json\/wp\/v2\/comments?post=1001"}],"version-history":[{"count":3,"href":"https:\/\/www.ideavity.com\/pt-pt\/wp-json\/wp\/v2\/pages\/1001\/revisions"}],"predecessor-version":[{"id":1042,"href":"https:\/\/www.ideavity.com\/pt-pt\/wp-json\/wp\/v2\/pages\/1001\/revisions\/1042"}],"wp:attachment":[{"href":"https:\/\/www.ideavity.com\/pt-pt\/wp-json\/wp\/v2\/media?parent=1001"}],"curies":[{"name":"wp","href":"https:\/\/api.w.org\/{rel}","templated":true}]}}